{"id":101,"date":"2021-04-14T15:08:59","date_gmt":"2021-04-14T13:08:59","guid":{"rendered":"https:\/\/fl-france.fr\/index.php\/accueil\/"},"modified":"2024-10-07T15:59:55","modified_gmt":"2024-10-07T13:59:55","slug":"accueil","status":"publish","type":"page","link":"https:\/\/fl-france.com\/","title":{"rendered":"Accueil"},"content":{"rendered":"\t\t<div data-elementor-type=\"wp-page\" data-elementor-id=\"101\" class=\"elementor elementor-101 elementor-2\" data-elementor-post-type=\"page\">\n\t\t\t\t\t\t<section class=\"elementor-section elementor-top-section elementor-element elementor-element-d2d3a1c elementor-section-boxed elementor-section-height-default elementor-section-height-default\" data-id=\"d2d3a1c\" data-element_type=\"section\" data-e-type=\"section\">\n\t\t\t\t\t\t<div class=\"elementor-container elementor-column-gap-default\">\n\t\t\t\t\t<div class=\"elementor-column elementor-col-100 elementor-top-column elementor-element elementor-element-7ecd944\" data-id=\"7ecd944\" data-element_type=\"column\" data-e-type=\"column\">\n\t\t\t<div class=\"elementor-widget-wrap elementor-element-populated\">\n\t\t\t\t\t\t\t<\/div>\n\t\t<\/div>\n\t\t\t\t\t<\/div>\n\t\t<\/section>\n\t\t\t\t<section class=\"elementor-section elementor-top-section elementor-element elementor-element-fe2ddca elementor-section-boxed elementor-section-height-default elementor-section-height-default\" data-id=\"fe2ddca\" data-element_type=\"section\" data-e-type=\"section\">\n\t\t\t\t\t\t<div class=\"elementor-container elementor-column-gap-default\">\n\t\t\t\t\t<div class=\"elementor-column elementor-col-33 elementor-top-column elementor-element elementor-element-2080576\" data-id=\"2080576\" data-element_type=\"column\" data-e-type=\"column\">\n\t\t\t<div class=\"elementor-widget-wrap elementor-element-populated\">\n\t\t\t\t\t\t<div class=\"elementor-element elementor-element-574e684 elementor-position-top elementor-widget elementor-widget-image-box\" data-id=\"574e684\" data-element_type=\"widget\" data-e-type=\"widget\" data-widget_type=\"image-box.default\">\n\t\t\t\t<div class=\"elementor-widget-container\">\n\t\t\t\t\t<div class=\"elementor-image-box-wrapper\"><figure class=\"elementor-image-box-img\"><img fetchpriority=\"high\" decoding=\"async\" width=\"359\" height=\"255\" src=\"https:\/\/fl-france.com\/wp-content\/uploads\/2022\/04\/visuels-pour-homepage-site-fl-france1-e1651064819971.png\" class=\"attachment-full size-full wp-image-370\" alt=\"\" \/><\/figure><div class=\"elementor-image-box-content\"><h3 class=\"elementor-image-box-title\">Les ateliers <br>FL<\/h3><p class=\"elementor-image-box-description\">Apprenez le fran\u00e7ais \u00e0 Paris, Nice, Bordeaux, Biarritz, Lyon et en Martinique. Cours, activit\u00e9s sportives et culturelles, h\u00e9bergements sont propos\u00e9s.<\/p><\/div><\/div>\t\t\t\t<\/div>\n\t\t\t\t<\/div>\n\t\t\t\t<div class=\"elementor-element elementor-element-361f879 elementor-align-center elementor-widget elementor-widget-button\" data-id=\"361f879\" data-element_type=\"widget\" data-e-type=\"widget\" data-widget_type=\"button.default\">\n\t\t\t\t<div class=\"elementor-widget-container\">\n\t\t\t\t\t\t\t\t\t<div class=\"elementor-button-wrapper\">\n\t\t\t\t\t<a class=\"elementor-button elementor-button-link elementor-size-sm\" href=\"https:\/\/sejour.fl-france.fr\/\">\n\t\t\t\t\t\t<span class=\"elementor-button-content-wrapper\">\n\t\t\t\t\t\t\t\t\t<span class=\"elementor-button-text\">EN SAVOIR PLUS<\/span>\n\t\t\t\t\t<\/span>\n\t\t\t\t\t<\/a>\n\t\t\t\t<\/div>\n\t\t\t\t\t\t\t\t<\/div>\n\t\t\t\t<\/div>\n\t\t\t\t\t<\/div>\n\t\t<\/div>\n\t\t\t\t<div class=\"elementor-column elementor-col-33 elementor-top-column elementor-element elementor-element-4d896d3\" data-id=\"4d896d3\" data-element_type=\"column\" data-e-type=\"column\">\n\t\t\t<div class=\"elementor-widget-wrap elementor-element-populated\">\n\t\t\t\t\t\t<div class=\"elementor-element elementor-element-ee9fd05 elementor-position-top elementor-widget elementor-widget-image-box\" data-id=\"ee9fd05\" data-element_type=\"widget\" data-e-type=\"widget\" data-widget_type=\"image-box.default\">\n\t\t\t\t<div class=\"elementor-widget-container\">\n\t\t\t\t\t<div class=\"elementor-image-box-wrapper\"><figure class=\"elementor-image-box-img\"><img decoding=\"async\" width=\"359\" height=\"255\" src=\"https:\/\/fl-france.com\/wp-content\/uploads\/2021\/11\/9-e1638801255684.png\" class=\"attachment-full size-full wp-image-226\" alt=\"\" \/><\/figure><div class=\"elementor-image-box-content\"><h3 class=\"elementor-image-box-title\">Les ateliers <br>aleph-\u00e9criture<\/h3><p class=\"elementor-image-box-description\">Centre de formation consacr\u00e9 \u00e0 l'\u00e9criture n\u00b0 1 en France depuis plus de 40 ans . Ateliers d'\u00e9criture pour tous les niveaux partout en France et en ligne.\n<\/p><\/div><\/div>\t\t\t\t<\/div>\n\t\t\t\t<\/div>\n\t\t\t\t<div class=\"elementor-element elementor-element-b6270f3 elementor-align-center elementor-widget elementor-widget-button\" data-id=\"b6270f3\" data-element_type=\"widget\" data-e-type=\"widget\" data-widget_type=\"button.default\">\n\t\t\t\t<div class=\"elementor-widget-container\">\n\t\t\t\t\t\t\t\t\t<div class=\"elementor-button-wrapper\">\n\t\t\t\t\t<a class=\"elementor-button elementor-button-link elementor-size-sm\" href=\"https:\/\/www.aleph-ecriture.fr\/\">\n\t\t\t\t\t\t<span class=\"elementor-button-content-wrapper\">\n\t\t\t\t\t\t\t\t\t<span class=\"elementor-button-text\">EN SAVOIR PLUS<\/span>\n\t\t\t\t\t<\/span>\n\t\t\t\t\t<\/a>\n\t\t\t\t<\/div>\n\t\t\t\t\t\t\t\t<\/div>\n\t\t\t\t<\/div>\n\t\t\t\t\t<\/div>\n\t\t<\/div>\n\t\t\t\t<div class=\"elementor-column elementor-col-33 elementor-top-column elementor-element elementor-element-5d17dde\" data-id=\"5d17dde\" data-element_type=\"column\" data-e-type=\"column\">\n\t\t\t<div class=\"elementor-widget-wrap elementor-element-populated\">\n\t\t\t\t\t\t<div class=\"elementor-element elementor-element-3819e48 elementor-position-top elementor-widget elementor-widget-image-box\" data-id=\"3819e48\" data-element_type=\"widget\" data-e-type=\"widget\" data-widget_type=\"image-box.default\">\n\t\t\t\t<div class=\"elementor-widget-container\">\n\t\t\t\t\t<div class=\"elementor-image-box-wrapper\"><figure class=\"elementor-image-box-img\"><img decoding=\"async\" width=\"359\" height=\"255\" src=\"https:\/\/fl-france.com\/wp-content\/uploads\/2021\/11\/4-e1638801220826.png\" class=\"attachment-full size-full wp-image-218\" alt=\"\" \/><\/figure><div class=\"elementor-image-box-content\"><h3 class=\"elementor-image-box-title\">les cours <br>en ligne<\/h3><p class=\"elementor-image-box-description\">France Langue vous propose diff\u00e9rents programmes de fran\u00e7ais en ligne. Plusieurs rythmes sont possibles pour s'adapter \u00e0 vos besoins.<\/p><\/div><\/div>\t\t\t\t<\/div>\n\t\t\t\t<\/div>\n\t\t\t\t<div class=\"elementor-element elementor-element-c35ebb6 elementor-align-center elementor-widget elementor-widget-button\" data-id=\"c35ebb6\" data-element_type=\"widget\" data-e-type=\"widget\" data-widget_type=\"button.default\">\n\t\t\t\t<div class=\"elementor-widget-container\">\n\t\t\t\t\t\t\t\t\t<div class=\"elementor-button-wrapper\">\n\t\t\t\t\t<a class=\"elementor-button elementor-button-link elementor-size-sm\" href=\"https:\/\/sejour.fl-france.fr\/cours-en-ligne\/\">\n\t\t\t\t\t\t<span class=\"elementor-button-content-wrapper\">\n\t\t\t\t\t\t\t\t\t<span class=\"elementor-button-text\">EN SAVOIR PLUS<\/span>\n\t\t\t\t\t<\/span>\n\t\t\t\t\t<\/a>\n\t\t\t\t<\/div>\n\t\t\t\t\t\t\t\t<\/div>\n\t\t\t\t<\/div>\n\t\t\t\t\t<\/div>\n\t\t<\/div>\n\t\t\t\t\t<\/div>\n\t\t<\/section>\n\t\t\t\t<section class=\"elementor-section elementor-top-section elementor-element elementor-element-259b8d8 elementor-section-boxed elementor-section-height-default elementor-section-height-default\" data-id=\"259b8d8\" data-element_type=\"section\" data-e-type=\"section\">\n\t\t\t\t\t\t<div class=\"elementor-container elementor-column-gap-default\">\n\t\t\t\t\t<div class=\"elementor-column elementor-col-33 elementor-top-column elementor-element elementor-element-cfe378c\" data-id=\"cfe378c\" data-element_type=\"column\" data-e-type=\"column\">\n\t\t\t<div class=\"elementor-widget-wrap elementor-element-populated\">\n\t\t\t\t\t\t<div class=\"elementor-element elementor-element-639551a elementor-position-top elementor-widget elementor-widget-image-box\" data-id=\"639551a\" data-element_type=\"widget\" data-e-type=\"widget\" data-widget_type=\"image-box.default\">\n\t\t\t\t<div class=\"elementor-widget-container\">\n\t\t\t\t\t<div class=\"elementor-image-box-wrapper\"><figure class=\"elementor-image-box-img\"><img loading=\"lazy\" decoding=\"async\" width=\"359\" height=\"255\" src=\"https:\/\/fl-france.com\/wp-content\/uploads\/2021\/11\/3-e1638801232540.png\" class=\"attachment-full size-full wp-image-216\" alt=\"\" \/><\/figure><div class=\"elementor-image-box-content\"><h3 class=\"elementor-image-box-title\">Les s\u00e9jours<br>d'\u00e9criture<\/h3><p class=\"elementor-image-box-description\">Aleph-\u00c9criture vous propose diff\u00e9rents s\u00e9jours d'\u00e9criture dans des r\u00e9sidences en ville ou \u00e0 la campagne qui sauront d\u00e9velopper votre cr\u00e9ativit\u00e9 litt\u00e9raire.<\/p><\/div><\/div>\t\t\t\t<\/div>\n\t\t\t\t<\/div>\n\t\t\t\t<div class=\"elementor-element elementor-element-f866066 elementor-align-center elementor-widget elementor-widget-button\" data-id=\"f866066\" data-element_type=\"widget\" data-e-type=\"widget\" data-widget_type=\"button.default\">\n\t\t\t\t<div class=\"elementor-widget-container\">\n\t\t\t\t\t\t\t\t\t<div class=\"elementor-button-wrapper\">\n\t\t\t\t\t<a class=\"elementor-button elementor-button-link elementor-size-sm\" href=\"https:\/\/residentiel.fl-france.fr\/\">\n\t\t\t\t\t\t<span class=\"elementor-button-content-wrapper\">\n\t\t\t\t\t\t\t\t\t<span class=\"elementor-button-text\">EN SAVOIR PLUS<\/span>\n\t\t\t\t\t<\/span>\n\t\t\t\t\t<\/a>\n\t\t\t\t<\/div>\n\t\t\t\t\t\t\t\t<\/div>\n\t\t\t\t<\/div>\n\t\t\t\t\t<\/div>\n\t\t<\/div>\n\t\t\t\t<div class=\"elementor-column elementor-col-33 elementor-top-column elementor-element elementor-element-7b12719\" data-id=\"7b12719\" data-element_type=\"column\" data-e-type=\"column\">\n\t\t\t<div class=\"elementor-widget-wrap elementor-element-populated\">\n\t\t\t\t\t\t<div class=\"elementor-element elementor-element-4889471 elementor-position-top elementor-widget elementor-widget-image-box\" data-id=\"4889471\" data-element_type=\"widget\" data-e-type=\"widget\" data-widget_type=\"image-box.default\">\n\t\t\t\t<div class=\"elementor-widget-container\">\n\t\t\t\t\t<div class=\"elementor-image-box-wrapper\"><figure class=\"elementor-image-box-img\"><img loading=\"lazy\" decoding=\"async\" width=\"359\" height=\"255\" src=\"https:\/\/fl-france.com\/wp-content\/uploads\/2022\/04\/visuels-pour-homepage-site-fl-france-e1651064810709.png\" class=\"attachment-2048x2048 size-2048x2048 wp-image-368\" alt=\"\" \/><\/figure><div class=\"elementor-image-box-content\"><h3 class=\"elementor-image-box-title\">Les ateliers <br>Aleph-ecriture <em>Aux usa<\/em><\/h3><p class=\"elementor-image-box-description\">Aleph-Ecriture accueille tous les francophones et francophiles vivant aux \u00c9tats-Unis avec un niveau de fran\u00e7ais avanc\u00e9 et qui ont le d\u00e9sir d\u2019\u00e9crire avec son offre en ligne et par mail. <\/p><\/div><\/div>\t\t\t\t<\/div>\n\t\t\t\t<\/div>\n\t\t\t\t<div class=\"elementor-element elementor-element-caad0d6 elementor-align-center elementor-widget elementor-widget-button\" data-id=\"caad0d6\" data-element_type=\"widget\" data-e-type=\"widget\" data-widget_type=\"button.default\">\n\t\t\t\t<div class=\"elementor-widget-container\">\n\t\t\t\t\t\t\t\t\t<div class=\"elementor-button-wrapper\">\n\t\t\t\t\t<a class=\"elementor-button elementor-button-link elementor-size-sm\" href=\"https:\/\/aleph.fl-france.com\/fr\/\">\n\t\t\t\t\t\t<span class=\"elementor-button-content-wrapper\">\n\t\t\t\t\t\t\t\t\t<span class=\"elementor-button-text\">EN SAVOIR PLUS<\/span>\n\t\t\t\t\t<\/span>\n\t\t\t\t\t<\/a>\n\t\t\t\t<\/div>\n\t\t\t\t\t\t\t\t<\/div>\n\t\t\t\t<\/div>\n\t\t\t\t\t<\/div>\n\t\t<\/div>\n\t\t\t\t<div class=\"elementor-column elementor-col-33 elementor-top-column elementor-element elementor-element-7126e0c\" data-id=\"7126e0c\" data-element_type=\"column\" data-e-type=\"column\">\n\t\t\t<div class=\"elementor-widget-wrap elementor-element-populated\">\n\t\t\t\t\t\t<div class=\"elementor-element elementor-element-bfb9c23 elementor-position-top elementor-widget elementor-widget-image-box\" data-id=\"bfb9c23\" data-element_type=\"widget\" data-e-type=\"widget\" data-widget_type=\"image-box.default\">\n\t\t\t\t<div class=\"elementor-widget-container\">\n\t\t\t\t\t<div class=\"elementor-image-box-wrapper\"><figure class=\"elementor-image-box-img\"><img loading=\"lazy\" decoding=\"async\" width=\"359\" height=\"255\" src=\"https:\/\/fl-france.com\/wp-content\/uploads\/2022\/05\/visuels-pour-homepage-site-fl-france-e1652098999172.png\" class=\"attachment-2048x2048 size-2048x2048 wp-image-407\" alt=\"\" \/><\/figure><div class=\"elementor-image-box-content\"><h3 class=\"elementor-image-box-title\">J'\u00e9cris sur ma vie<\/h3><p class=\"elementor-image-box-description\"><br>\nCe parcours d\u2019atelier organis\u00e9 par Aleph-\u00c9criture, La Croix et Le P\u00e8lerin vous propose l\u2019aventure de la transmission \u00e9crite jusqu\u2019\u00e0 l\u2019\u00e9dition du livre de votre vie. <\/p><\/div><\/div>\t\t\t\t<\/div>\n\t\t\t\t<\/div>\n\t\t\t\t<div class=\"elementor-element elementor-element-59877fc elementor-align-center elementor-widget elementor-widget-button\" data-id=\"59877fc\" data-element_type=\"widget\" data-e-type=\"widget\" data-widget_type=\"button.default\">\n\t\t\t\t<div class=\"elementor-widget-container\">\n\t\t\t\t\t\t\t\t\t<div class=\"elementor-button-wrapper\">\n\t\t\t\t\t<a class=\"elementor-button elementor-button-link elementor-size-sm\" href=\"https:\/\/votrehistoire.aleph-ecriture.fr\/\">\n\t\t\t\t\t\t<span class=\"elementor-button-content-wrapper\">\n\t\t\t\t\t\t\t\t\t<span class=\"elementor-button-text\">EN SAVOIR PLUS<\/span>\n\t\t\t\t\t<\/span>\n\t\t\t\t\t<\/a>\n\t\t\t\t<\/div>\n\t\t\t\t\t\t\t\t<\/div>\n\t\t\t\t<\/div>\n\t\t\t\t\t<\/div>\n\t\t<\/div>\n\t\t\t\t\t<\/div>\n\t\t<\/section>\n\t\t\t\t<section class=\"elementor-section elementor-top-section elementor-element elementor-element-8649de9 elementor-section-boxed elementor-section-height-default elementor-section-height-default\" data-id=\"8649de9\" data-element_type=\"section\" data-e-type=\"section\">\n\t\t\t\t\t\t<div class=\"elementor-container elementor-column-gap-default\">\n\t\t\t\t\t<div class=\"elementor-column elementor-col-100 elementor-top-column elementor-element elementor-element-39be4d6\" data-id=\"39be4d6\" data-element_type=\"column\" data-e-type=\"column\">\n\t\t\t<div class=\"elementor-widget-wrap\">\n\t\t\t\t\t\t\t<\/div>\n\t\t<\/div>\n\t\t\t\t\t<\/div>\n\t\t<\/section>\n\t\t\t\t<\/div>\n\t\t","protected":false},"excerpt":{"rendered":"<p>Les ateliers FL Apprenez le fran\u00e7ais \u00e0 Paris, Nice, Bordeaux, Biarritz, Lyon et en Martinique. Cours, activit\u00e9s sportives et culturelles, h\u00e9bergements sont propos\u00e9s. EN SAVOIR PLUS Les ateliers aleph-\u00e9criture Centre de formation consacr\u00e9 \u00e0 l&#8217;\u00e9criture n\u00b0 1 en France depuis plus de 40 ans . Ateliers d&#8217;\u00e9criture pour tous les niveaux partout en France et [&hellip;]<\/p>\n","protected":false},"author":2,"featured_media":0,"parent":0,"menu_order":0,"comment_status":"closed","ping_status":"closed","template":"","meta":{"footnotes":""},"class_list":["post-101","page","type-page","status-publish","hentry"],"yoast_head":"<!-- This site is optimized with the Yoast SEO plugin v27.3 - https:\/\/yoast.com\/product\/yoast-seo-wordpress\/ -->\n<title>Accueil - FL France<\/title>\n<meta name=\"robots\" content=\"index, follow, max-snippet:-1, max-image-preview:large, max-video-preview:-1\" \/>\n<link rel=\"canonical\" href=\"https:\/\/fl-france.com\/\" \/>\n<meta property=\"og:locale\" content=\"en_US\" \/>\n<meta property=\"og:type\" content=\"article\" \/>\n<meta property=\"og:title\" content=\"Accueil - FL France\" \/>\n<meta property=\"og:description\" content=\"Les ateliers FL Apprenez le fran\u00e7ais \u00e0 Paris, Nice, Bordeaux, Biarritz, Lyon et en Martinique. Cours, activit\u00e9s sportives et culturelles, h\u00e9bergements sont propos\u00e9s. EN SAVOIR PLUS Les ateliers aleph-\u00e9criture Centre de formation consacr\u00e9 \u00e0 l&#8217;\u00e9criture n\u00b0 1 en France depuis plus de 40 ans . Ateliers d&#8217;\u00e9criture pour tous les niveaux partout en France et [&hellip;]\" \/>\n<meta property=\"og:url\" content=\"https:\/\/fl-france.com\/\" \/>\n<meta property=\"og:site_name\" content=\"FL France\" \/>\n<meta property=\"article:modified_time\" content=\"2024-10-07T13:59:55+00:00\" \/>\n<meta property=\"og:image\" content=\"https:\/\/fl-france.fr\/wp-content\/uploads\/2022\/04\/visuels-pour-homepage-site-fl-france1-e1651060287639.png\" \/>\n<meta name=\"twitter:card\" content=\"summary_large_image\" \/>\n<meta name=\"twitter:label1\" content=\"Est. reading time\" \/>\n\t<meta name=\"twitter:data1\" content=\"3 minutes\" \/>\n<script type=\"application\/ld+json\" class=\"yoast-schema-graph\">{\"@context\":\"https:\\\/\\\/schema.org\",\"@graph\":[{\"@type\":\"WebPage\",\"@id\":\"https:\\\/\\\/fl-france.com\\\/\",\"url\":\"https:\\\/\\\/fl-france.com\\\/\",\"name\":\"Accueil - FL France\",\"isPartOf\":{\"@id\":\"https:\\\/\\\/fl-france.com\\\/#website\"},\"primaryImageOfPage\":{\"@id\":\"https:\\\/\\\/fl-france.com\\\/#primaryimage\"},\"image\":{\"@id\":\"https:\\\/\\\/fl-france.com\\\/#primaryimage\"},\"thumbnailUrl\":\"https:\\\/\\\/fl-france.fr\\\/wp-content\\\/uploads\\\/2022\\\/04\\\/visuels-pour-homepage-site-fl-france1-e1651060287639.png\",\"datePublished\":\"2021-04-14T13:08:59+00:00\",\"dateModified\":\"2024-10-07T13:59:55+00:00\",\"breadcrumb\":{\"@id\":\"https:\\\/\\\/fl-france.com\\\/#breadcrumb\"},\"inLanguage\":\"en-US\",\"potentialAction\":[{\"@type\":\"ReadAction\",\"target\":[\"https:\\\/\\\/fl-france.com\\\/\"]}]},{\"@type\":\"ImageObject\",\"inLanguage\":\"en-US\",\"@id\":\"https:\\\/\\\/fl-france.com\\\/#primaryimage\",\"url\":\"https:\\\/\\\/fl-france.fr\\\/wp-content\\\/uploads\\\/2022\\\/04\\\/visuels-pour-homepage-site-fl-france1-e1651060287639.png\",\"contentUrl\":\"https:\\\/\\\/fl-france.fr\\\/wp-content\\\/uploads\\\/2022\\\/04\\\/visuels-pour-homepage-site-fl-france1-e1651060287639.png\"},{\"@type\":\"BreadcrumbList\",\"@id\":\"https:\\\/\\\/fl-france.com\\\/#breadcrumb\",\"itemListElement\":[{\"@type\":\"ListItem\",\"position\":1,\"name\":\"Accueil\",\"item\":\"https:\\\/\\\/fl-france.com\\\/\"},{\"@type\":\"ListItem\",\"position\":2,\"name\":\"Accueil\"}]},{\"@type\":\"WebSite\",\"@id\":\"https:\\\/\\\/fl-france.com\\\/#website\",\"url\":\"https:\\\/\\\/fl-france.com\\\/\",\"name\":\"FL France\",\"description\":\"Un site utilisant WordPress\",\"potentialAction\":[{\"@type\":\"SearchAction\",\"target\":{\"@type\":\"EntryPoint\",\"urlTemplate\":\"https:\\\/\\\/fl-france.com\\\/?s={search_term_string}\"},\"query-input\":{\"@type\":\"PropertyValueSpecification\",\"valueRequired\":true,\"valueName\":\"search_term_string\"}}],\"inLanguage\":\"en-US\"}]}<\/script>\n<!-- \/ Yoast SEO plugin. -->","yoast_head_json":{"title":"Accueil - FL France","robots":{"index":"index","follow":"follow","max-snippet":"max-snippet:-1","max-image-preview":"max-image-preview:large","max-video-preview":"max-video-preview:-1"},"canonical":"https:\/\/fl-france.com\/","og_locale":"en_US","og_type":"article","og_title":"Accueil - FL France","og_description":"Les ateliers FL Apprenez le fran\u00e7ais \u00e0 Paris, Nice, Bordeaux, Biarritz, Lyon et en Martinique. Cours, activit\u00e9s sportives et culturelles, h\u00e9bergements sont propos\u00e9s. EN SAVOIR PLUS Les ateliers aleph-\u00e9criture Centre de formation consacr\u00e9 \u00e0 l&#8217;\u00e9criture n\u00b0 1 en France depuis plus de 40 ans . Ateliers d&#8217;\u00e9criture pour tous les niveaux partout en France et [&hellip;]","og_url":"https:\/\/fl-france.com\/","og_site_name":"FL France","article_modified_time":"2024-10-07T13:59:55+00:00","og_image":[{"url":"https:\/\/fl-france.fr\/wp-content\/uploads\/2022\/04\/visuels-pour-homepage-site-fl-france1-e1651060287639.png","type":"","width":"","height":""}],"twitter_card":"summary_large_image","twitter_misc":{"Est. reading time":"3 minutes"},"schema":{"@context":"https:\/\/schema.org","@graph":[{"@type":"WebPage","@id":"https:\/\/fl-france.com\/","url":"https:\/\/fl-france.com\/","name":"Accueil - FL France","isPartOf":{"@id":"https:\/\/fl-france.com\/#website"},"primaryImageOfPage":{"@id":"https:\/\/fl-france.com\/#primaryimage"},"image":{"@id":"https:\/\/fl-france.com\/#primaryimage"},"thumbnailUrl":"https:\/\/fl-france.fr\/wp-content\/uploads\/2022\/04\/visuels-pour-homepage-site-fl-france1-e1651060287639.png","datePublished":"2021-04-14T13:08:59+00:00","dateModified":"2024-10-07T13:59:55+00:00","breadcrumb":{"@id":"https:\/\/fl-france.com\/#breadcrumb"},"inLanguage":"en-US","potentialAction":[{"@type":"ReadAction","target":["https:\/\/fl-france.com\/"]}]},{"@type":"ImageObject","inLanguage":"en-US","@id":"https:\/\/fl-france.com\/#primaryimage","url":"https:\/\/fl-france.fr\/wp-content\/uploads\/2022\/04\/visuels-pour-homepage-site-fl-france1-e1651060287639.png","contentUrl":"https:\/\/fl-france.fr\/wp-content\/uploads\/2022\/04\/visuels-pour-homepage-site-fl-france1-e1651060287639.png"},{"@type":"BreadcrumbList","@id":"https:\/\/fl-france.com\/#breadcrumb","itemListElement":[{"@type":"ListItem","position":1,"name":"Accueil","item":"https:\/\/fl-france.com\/"},{"@type":"ListItem","position":2,"name":"Accueil"}]},{"@type":"WebSite","@id":"https:\/\/fl-france.com\/#website","url":"https:\/\/fl-france.com\/","name":"FL France","description":"Un site utilisant WordPress","potentialAction":[{"@type":"SearchAction","target":{"@type":"EntryPoint","urlTemplate":"https:\/\/fl-france.com\/?s={search_term_string}"},"query-input":{"@type":"PropertyValueSpecification","valueRequired":true,"valueName":"search_term_string"}}],"inLanguage":"en-US"}]}},"_links":{"self":[{"href":"https:\/\/fl-france.com\/index.php\/wp-json\/wp\/v2\/pages\/101","targetHints":{"allow":["GET"]}}],"collection":[{"href":"https:\/\/fl-france.com\/index.php\/wp-json\/wp\/v2\/pages"}],"about":[{"href":"https:\/\/fl-france.com\/index.php\/wp-json\/wp\/v2\/types\/page"}],"author":[{"embeddable":true,"href":"https:\/\/fl-france.com\/index.php\/wp-json\/wp\/v2\/users\/2"}],"replies":[{"embeddable":true,"href":"https:\/\/fl-france.com\/index.php\/wp-json\/wp\/v2\/comments?post=101"}],"version-history":[{"count":5,"href":"https:\/\/fl-france.com\/index.php\/wp-json\/wp\/v2\/pages\/101\/revisions"}],"predecessor-version":[{"id":462,"href":"https:\/\/fl-france.com\/index.php\/wp-json\/wp\/v2\/pages\/101\/revisions\/462"}],"wp:attachment":[{"href":"https:\/\/fl-france.com\/index.php\/wp-json\/wp\/v2\/media?parent=101"}],"curies":[{"name":"wp","href":"https:\/\/api.w.org\/{rel}","templated":true}]}}